{"id":147305,"date":"2022-08-29T17:06:52","date_gmt":"2022-08-29T15:06:52","guid":{"rendered":"https:\/\/testalize.me\/?page_id=147305"},"modified":"2023-06-29T09:25:00","modified_gmt":"2023-06-29T07:25:00","slug":"bacteriele-vaginose","status":"publish","type":"page","link":"https:\/\/testalize.me\/be\/intieme-gezondheid\/bacteriele-vaginose\/","title":{"rendered":"Bacteri\u00eble vaginose"},"content":{"rendered":"\n<h1 class=\"wp-block-heading\">Bacteri\u00eble vaginose<\/h1>\n\n\n\n<p class=\"nomobile\" style=\"font-size:21px\">Bacteri\u00eble vaginose is een verstoring van de natuurlijke balans van de bacteri\u00ebn in de vagina. Deze aandoening komt alleen voor bij vrouwen en leidt bij de helft tot een grotere hoeveelheid stinkende vaginale afscheiding. Andere klachten zoals jeuk of pijn zijn uitzonderlijk. Bij de meeste vrouwen gaat Bacteri\u00eble vaginose binnen een paar weken vanzelf weer over. Eventueel kan de arts antibiotica voorschrijven. <\/p>\n\n\n\n<p class=\"nodesktop\" style=\"font-size:19px\">Bacteri\u00eble vaginose is een verstoring van de natuurlijke balans van de bacteri\u00ebn in de vagina. Deze aandoening komt alleen voor bij vrouwen en leidt bij de helft tot een grotere hoeveelheid stinkende vaginale afscheiding. Andere klachten zoals jeuk of pijn zijn uitzonderlijk. Bij de meeste vrouwen gaat Bacteri\u00eble vaginose binnen een paar weken vanzelf weer over. Eventueel kan de arts antibiotica voorschrijven. <\/p>\n\n\n\n<h2 class=\"wp-block-heading\">Wat is Bacteri\u00eble vaginose?<\/h2>\n\n\n\n<p>Bacteri\u00eble vaginose is de meest voorkomende vaginale aandoening bij vrouwen tussen de 15 en 44 jaar. Het is een verstoring van de natuurlijke balans van de verschillende bacteri\u00ebn in de vagina. Bacteri\u00ebn die normaal in kleine aantallen voorkomen zijn sterk vermeerderd. Bijvoorbeeld de bacterie Gardnerella vaginalis. Andere bacteri\u00ebn, zoals de melkzuurbacteri\u00ebn, zijn juist verminderd. Dit heeft gevolgen voor de zuurgraad in de vagina. Bacteri\u00eble vaginose leidt tot een verhoogde afwijkende vaginale afscheiding met een onaangename geur. Hoewel de klachten soms lijken op die van een Soa, is een Bacteri\u00eble vaginose geen Soa. De meeste vrouwen genezen vanzelf binnen een paar weken.<\/p>\n\n\n\n<h2 class=\"wp-block-heading\">Hoe krijg je Bacteri\u00eble vaginose?<\/h2>\n\n\n\n<p>Er zijn verschillende redenen waarom het natuurlijke evenwicht van de bacteri\u00ebn in de vagina is verstoord. Bijvoorbeeld door het gebruik van zeep, spoelingen of deodorant voor de vagina. Ook een spiraaltje, hormonale veranderingen, eerder opgelopen <a href=\"https:\/\/testalize.me\/soa\/\">Soa\u2019s<\/a>, medicijngebruik en het weinig wisselen van tampons of maandverband kunnen de samenstelling van de normale vaginale flora wijzigen. Ook bij vrouwen met een lage weerstand door bijvoorbeeld stress, diabetes, roken, ongesteldheid of zwangerschap zien we geregeld een verstoring van de vaginale flora. <\/p>\n\n\n\n<p>Bacteri\u00eble vaginose wordt vaker gediagnosticeerd bij seksueel actieve vrouwen. Met name bij vrouwen die vrijen met andere vrouwen. <\/p>\n\n\n\n<h2 class=\"wp-block-heading\">Bacteri\u00eble vaginose herkennen<\/h2>\n\n\n\n<p>Van alle vrouwen met Bacteri\u00eble vaginose heeft ongeveer de helft symptomen. De andere helft heeft dus asymptomatische Bacteri\u00eble vaginose. De aandoening is te herkennen aan stinkend (visachtig) afwijkend vocht dat de vagina uitloopt. Dit vocht is grijs-wit van kleur. Jeuk of pijnklachten tijdens het vrijen of plassen komt minder vaak voor. Het slijmvlies is niet roder of dikker dan normaal.<\/p>\n\n\n\n<div class=\"wp-block-columns alert-box has-border-color is-layout-flex wp-container-core-columns-is-layout-f93fcc32 wp-block-columns-is-layout-flex\" style=\"border-color:#ffd54f;border-style:solid;border-width:10px;padding-top:20px;padding-right:20px;padding-bottom:20px;padding-left:20px\">\n<div class=\"wp-block-column is-layout-flow wp-block-column-is-layout-flow\">\n<p><strong>Wist je dat?<\/strong> Ongeveer de helft van alle vrouwen met Bacteri\u00eble vaginose er niets van merkt? De andere helft heeft wel klachten. Vaak worden de symptomen verward met die van een schimmelinfectie. <\/p>\n<\/div>\n<\/div>\n\n\n\n<h2 class=\"wp-block-heading\">Wat zijn de risico\u2019s?<\/h2>\n\n\n\n<p>Wanneer Bacteri\u00eble vaginose niet vanzelf overgaat \u00f3f niet wordt behandeld met medicatie is het raadzaam een arts te bezoeken. Bij klachten met daarbij buikpijn en koorts raadpleeg je op korte termijn een arts. <br><br>Bacteri\u00eble vaginose wordt vaak aangetroffen bij vrouwen met een PID, een ontsteking in het kleine bekken. Hoewel een causale relatie tussen Bacteri\u00eble vaginose en PID niet is aangetoond, faciliteert het mogelijk de verspreiding van vaginale organismen naar de hogere genitalia. Daarnaast vermindert Bacteri\u00eble vaginose de natuurlijke afweer tegen infecties.  Bij Bacteri\u00eble vaginose tijdens de zwangerschap is er een iets groter risico op vroeggeboorte of een late miskraam. <\/p>\n\n\n\n<h2 class=\"wp-block-heading\">Aantallen<\/h2>\n\n\n\n<p>Bacteri\u00eble vaginose is de meest voorkomende vaginale aandoening bij vrouwen tussen 15 en 44 jaar. Het is niet precies bekend hoeveel vrouwen in Nederland rondlopen met deze aandoening, maar het ligt ongeveer tussen de 10 en 50 procent. De helft van de vrouwen heeft geen klachten. Vrouwen die nog geen seks hebben gehad kunnen ook Bacteri\u00eble vaginose oplopen. Desalniettemin komt het vaker voor bij seksueel actieve vrouwen die verschillende bedpartners hebben.<\/p>\n\n\n\n<h2 class=\"wp-block-heading\">Kans op besmetting<\/h2>\n\n\n\n<p>Er is nog veel onduidelijkheid over hoe besmettelijk Bacteri\u00eble vaginose is. Hoewel Bacteri\u00eble vaginose geen Soa is, kan je sommige bacteri\u00ebn wel krijgen of doorgeven wanneer je seks hebt. De ander ontwikkelt over het algemeen echter geen klachten. Het is wel verstandig om altijd een condoom te gebruiken.<\/p>\n\n\n\n<h2 class=\"wp-block-heading\">Voorkomen van Bacteri\u00eble vaginose<\/h2>\n\n\n\n<p>De vagina is zelfreinigend. Voorkom dus het gebruik van zeep, vaginale spoelingen of andere middelen als deodorant, probiotica, vitamine C of tea tree olie. Douchen is beter dan in bad gaan. Vaker of beter wassen is niet nodig, dus ga niet ineens vaker douchen. Reinig de schaamstreek met lauw water. Vervang regelmatig tampons en maandverband en gebruik alleen de niet-geparfumeerde middelen. Wissel niet te vaak van bedpartner en gebruik altijd een condoom tijdens de seks.<\/p>\n\n\n\n<h2 class=\"wp-block-heading\">Zelf testen op Bacteri\u00eble vaginose<\/h2>\n\n\n\n<p>Onze <a href=\"https:\/\/testalize.me\/be\/tests\/intieme-gezondheid-test\/\">Bacteri\u00eble vaginose test<\/a> is bedoeld voor vrouwen die last hebben van een stinkende afwijkende vaginale afscheiding. Je test met onze zelftest specifiek op Bacteri\u00eble vaginose. Dit is de meest voorkomende vaginale aandoening bij vrouwen tussen de 15 en 44 jaar. De zelftest is gemakkelijk, snel en anoniem uit te voeren vanuit huis. De zelftest bevat een bijsluiter waarin alle stappen duidelijk zijn uitgelegd. Binnen een paar dagen ontvang je al de uitslag.<\/p>\n\n\n\n<h2 class=\"wp-block-heading\">Hoe vaak testen op Bacteri\u00eble vaginose?<\/h2>\n\n\n\n<p>We raden aan om te testen wanneer je last hebt van een afwijkende stinkende vaginale afscheiding. Het betekent niet dat je Bacteri\u00eble vaginose hebt, maar we kunnen dit op basis van onze test wel uitsluiten of vaststellen. Het is niet uitzonderlijk dat de aandoening binnen drie maanden weer opduikt. Wanneer je als vrouw meer dan twee keer per half jaar Bacteri\u00eble vaginose oploopt, kan je arts een andere behandeling voorstellen.<\/p>\n\n\n\n<h2 class=\"wp-block-heading\">Hoe werkt onze test?<\/h2>\n\n\n\n<p>Onze zelftest bevat een afnameset waarmee je thuis een vaginaal uitstrijkje kunt afnemen. Dit doe je met behulp van een vaginale swab (wattenstaafje). Na afname stop je deze swab in het meegeleverde buisje met vloeistof. Dit stuur je vervolgens met onze retourbox op naar het laboratorium. In het labo wordt het materiaal onderzocht op de aanwezigheid van genetisch materiaal (RNA) van bacteri\u00ebn die worden geassocieerd met Bacteri\u00eble vaginose, waaronder Lactobacillus, Gardnerella vaginalis, en Atopobium vaginae<\/p>\n\n\n\n<h2 class=\"wp-block-heading\">Waar testen?<\/h2>\n\n\n\n<p>Onze zelftest voer je snel en anoniem vanuit huis uit. Neem zelf wat lichaamsmateriaal af en stuur dit naar ons labo. Daar testen we op Bacteri\u00eble vaginose. We raden altijd aan om naar de huisarts te gaan wanneer je twijfels hebt of wanneer je last hebt van fysieke klachten.<\/p>\n\n\n\n<div class=\"wp-block-media-text alignwide is-stacked-on-mobile textmedia has-background\" style=\"background-color:#f1f1f1\"><figure class=\"wp-block-media-text__media\"><a href=\"https:\/\/testalize.me\/be\/product\/intieme-gezondheid-test\/\"><img loading=\"lazy\" decoding=\"async\" width=\"1024\" height=\"1024\" src=\"https:\/\/testalize.me\/be\/wp-content\/uploads\/sites\/3\/2023\/05\/intieme-gezondheid-test-be-1024x1024.jpg\" alt=\"Intieme Gezondheid\" class=\"wp-image-158237 size-full\" srcset=\"https:\/\/testalize.me\/be\/wp-content\/uploads\/sites\/3\/2023\/05\/intieme-gezondheid-test-be-1024x1024.jpg 1024w, https:\/\/testalize.me\/be\/wp-content\/uploads\/sites\/3\/2023\/05\/intieme-gezondheid-test-be-300x300.jpg 300w, https:\/\/testalize.me\/be\/wp-content\/uploads\/sites\/3\/2023\/05\/intieme-gezondheid-test-be-150x150.jpg 150w, https:\/\/testalize.me\/be\/wp-content\/uploads\/sites\/3\/2023\/05\/intieme-gezondheid-test-be-768x768.jpg 768w, https:\/\/testalize.me\/be\/wp-content\/uploads\/sites\/3\/2023\/05\/intieme-gezondheid-test-be-1536x1536.jpg 1536w, https:\/\/testalize.me\/be\/wp-content\/uploads\/sites\/3\/2023\/05\/intieme-gezondheid-test-be-600x600.jpg 600w, https:\/\/testalize.me\/be\/wp-content\/uploads\/sites\/3\/2023\/05\/intieme-gezondheid-test-be-100x100.jpg 100w, https:\/\/testalize.me\/be\/wp-content\/uploads\/sites\/3\/2023\/05\/intieme-gezondheid-test-be.jpg 2000w\" sizes=\"auto, (max-width: 1024px) 100vw, 1024px\" \/><\/a><\/figure><div class=\"wp-block-media-text__content\">\n<div style=\"height:50px\" aria-hidden=\"true\" class=\"wp-block-spacer nodesktop\"><\/div>\n\n\n\n<h2 class=\"wp-block-heading\">Intieme Gezondheid<\/h2>\n\n\n\n<ul class=\"fa-ul\">\n    <li><span class=\"fa-li\"><i class=\"fas fa-solid fa-check\"><\/i><\/span>Anoniem thuis testen<\/li>\n    <li><span class=\"fa-li\"><i class=\"fas fa-solid fa-check\"><\/i><\/span>Analyse in ISO geaccrediteerd labo<\/li>\n    <li><span class=\"fa-li\"><i class=\"fas fa-solid fa-check\"><\/i><\/span>Uitslag binnen 48 uur op te vragen<\/li>\n  <\/ul>\n\n\n\n<div style=\"height:10px\" aria-hidden=\"true\" class=\"wp-block-spacer\"><\/div>\n\n\n\n<div class=\"wp-block-buttons is-layout-flex wp-block-buttons-is-layout-flex\">\n<div class=\"wp-block-button has-custom-width wp-block-button__width-100\"><a class=\"wp-block-button__link wp-element-button\" href=\"https:\/\/testalize.me\/be\/product\/intieme-gezondheid-test\/\">Bekijk test<\/a><\/div>\n<\/div>\n\n\n\n<div style=\"height:30px\" aria-hidden=\"true\" class=\"wp-block-spacer\"><\/div>\n\n\n\n<h3 class=\"wp-block-heading has-text-align-center\"><mark style=\"background-color:rgba(0, 0, 0, 0);color:#8d8d8e\" class=\"has-inline-color\"><s>\u20ac89,95<\/s><\/mark><mark style=\"background-color:rgba(0, 0, 0, 0)\" class=\"has-inline-color has-ast-global-color-6-color\"> <\/mark>\u20ac79,95<\/h3>\n<\/div><\/div>\n\n\n\n<div style=\"height:30px\" aria-hidden=\"true\" class=\"wp-block-spacer\"><\/div>\n\n\n\n<h2 class=\"wp-block-heading\">Behandeling<\/h2>\n\n\n\n<p>Meestal raadt de arts aan om af te wachten tot Bacteri\u00eble vaginose vanzelf weer overgaat. Dit is meestal binnen een paar weken. Gebruik in de tussentijd lauw water bij het wassen van de vagina. Vermijd zeep en andere middelen. Wees ook voorzichtig tijdens de seks. Het is belangrijk om goed opgewonden te zijn. Zorg dat je vochtig bent of gebruik een glijmiddel. Stop met vrijen als het pijn doet. Eventueel schrijft de arts een korte medicijnkuur voor wanneer de vrouw veel last heeft van vochtverlies, jeuk of een stinkende geur.<\/p>\n\n\n\n<p>Meestal geneest het lichaam zelf van Bacteri\u00eble vaginose. Wanneer dit niet gebeurt of wanneer de vrouw een lagere weerstand heeft, dan schrijft de arts medicatie voor die de bacteri\u00ebn doden. Dit zijn tabletten, zetpillen voor de vagina of een cr\u00e8me. Let op: antibacteri\u00eble medicatie kunnen het rubber van condooms en pessaria aantasten, waardoor ze minder beschermen tegen conceptie en Soa\u2019s.<\/p>\n\n\n\n<p>Het is niet uitzonderlijk dat de aandoening binnen drie maanden weer opduikt. Wanneer je als vrouw meer dan twee keer per half jaar Bacteri\u00eble vaginose oploopt, dan is een antibioticakuur van een paar maanden noodzakelijk.<\/p>\n\n\n\n<div style=\"height:100px\" aria-hidden=\"true\" class=\"wp-block-spacer\"><\/div>\n\n\n\n<p>Deze tekst is goedgekeurd door:<\/p>\n\n\n\n<h3 class=\"wp-block-heading\">E.Y.J. van den Brand<\/h3>\n\n\n\n<p>Stafarts bij <a rel=\"noreferrer noopener\" href=\"https:\/\/diagnostiekvooru.nl\/\" target=\"_blank\">Diagnostiek voor U<\/a> en heeft een eigen <a href=\"https:\/\/brand-lamsweerde.huisartsenpraktijkdenboschoost.nl\/\" target=\"_blank\" rel=\"noreferrer noopener\">huisartsenpraktijk<\/a> in \u2019s-Hertogenbosch. Daarnaast is ze sinds 2019 werkzaam als huisarts bij Medicinfo. Studeerde geneeskunde in Maastricht en is in 1994 afgestudeerd als huisarts in Nijmegen.<\/p>\n","protected":false},"excerpt":{"rendered":"<p>Bacteri\u00eble vaginose Bacteri\u00eble vaginose is een verstoring van de natuurlijke balans van de bacteri\u00ebn in de vagina. Deze aandoening komt alleen voor bij vrouwen en leidt bij de helft tot [&hellip;]<\/p>\n","protected":false},"author":13,"featured_media":0,"parent":147356,"menu_order":0,"comment_status":"closed","ping_status":"closed","template":"","meta":{"site-sidebar-layout":"default","site-content-layout":"","ast-site-content-layout":"default","site-content-style":"default","site-sidebar-style":"default","ast-global-header-display":"","ast-banner-title-visibility":"","ast-main-header-display":"","ast-hfb-above-header-display":"","ast-hfb-below-header-display":"","ast-hfb-mobile-header-display":"","site-post-title":"disabled","ast-breadcrumbs-content":"","ast-featured-img":"","footer-sml-layout":"","ast-disable-related-posts":"","theme-transparent-header-meta":"","adv-header-id-meta":"","stick-header-meta":"","header-above-stick-meta":"","header-main-stick-meta":"","header-below-stick-meta":"","astra-migrate-meta-layouts":"default","ast-page-background-enabled":"default","ast-page-background-meta":{"desktop":{"background-color":"","background-image":"","background-repeat":"repeat","background-position":"center center","background-size":"auto","background-attachment":"scroll","background-type":"","background-media":"","overlay-type":"","overlay-color":"","overlay-opacity":"","overlay-gradient":""},"tablet":{"background-color":"","background-image":"","background-repeat":"repeat","background-position":"center center","background-size":"auto","background-attachment":"scroll","background-type":"","background-media":"","overlay-type":"","overlay-color":"","overlay-opacity":"","overlay-gradient":""},"mobile":{"background-color":"","background-image":"","background-repeat":"repeat","background-position":"center center","background-size":"auto","background-attachment":"scroll","background-type":"","background-media":"","overlay-type":"","overlay-color":"","overlay-opacity":"","overlay-gradient":""}},"ast-content-background-meta":{"desktop":{"background-color":"var(--ast-global-color-5)","background-image":"","background-repeat":"repeat","background-position":"center center","background-size":"auto","background-attachment":"scroll","background-type":"","background-media":"","overlay-type":"","overlay-color":"","overlay-opacity":"","overlay-gradient":""},"tablet":{"background-color":"var(--ast-global-color-5)","background-image":"","background-repeat":"repeat","background-position":"center center","background-size":"auto","background-attachment":"scroll","background-type":"","background-media":"","overlay-type":"","overlay-color":"","overlay-opacity":"","overlay-gradient":""},"mobile":{"background-color":"var(--ast-global-color-5)","background-image":"","background-repeat":"repeat","background-position":"center center","background-size":"auto","background-attachment":"scroll","background-type":"","background-media":"","overlay-type":"","overlay-color":"","overlay-opacity":"","overlay-gradient":""}},"footnotes":""},"class_list":["post-147305","page","type-page","status-publish","hentry"],"_links":{"self":[{"href":"https:\/\/testalize.me\/be\/wp-json\/wp\/v2\/pages\/147305","targetHints":{"allow":["GET"]}}],"collection":[{"href":"https:\/\/testalize.me\/be\/wp-json\/wp\/v2\/pages"}],"about":[{"href":"https:\/\/testalize.me\/be\/wp-json\/wp\/v2\/types\/page"}],"author":[{"embeddable":true,"href":"https:\/\/testalize.me\/be\/wp-json\/wp\/v2\/users\/13"}],"replies":[{"embeddable":true,"href":"https:\/\/testalize.me\/be\/wp-json\/wp\/v2\/comments?post=147305"}],"version-history":[{"count":3,"href":"https:\/\/testalize.me\/be\/wp-json\/wp\/v2\/pages\/147305\/revisions"}],"predecessor-version":[{"id":158501,"href":"https:\/\/testalize.me\/be\/wp-json\/wp\/v2\/pages\/147305\/revisions\/158501"}],"up":[{"embeddable":true,"href":"https:\/\/testalize.me\/be\/wp-json\/wp\/v2\/pages\/147356"}],"wp:attachment":[{"href":"https:\/\/testalize.me\/be\/wp-json\/wp\/v2\/media?parent=147305"}],"curies":[{"name":"wp","href":"https:\/\/api.w.org\/{rel}","templated":true}]}}