{"id":147356,"date":"2022-08-30T09:46:28","date_gmt":"2022-08-30T07:46:28","guid":{"rendered":"https:\/\/testalize.me\/?page_id=147356"},"modified":"2023-06-29T09:24:42","modified_gmt":"2023-06-29T07:24:42","slug":"intieme-gezondheid","status":"publish","type":"page","link":"https:\/\/testalize.me\/be\/intieme-gezondheid\/","title":{"rendered":"Intieme gezondheid"},"content":{"rendered":"\n<h1 class=\"wp-block-heading\">Intieme gezondheid<\/h1>\n\n\n\n<p class=\"nomobile\" style=\"font-size:21px\">Wist je dat maar liefst de helft van de vrouwen soms last heeft van een vaginale schimmelinfectie? En dat \u00e9\u00e9n op de drie vrouwen in haar leven ooit last krijgt van Bacteri\u00eble vaginose? Vast niet, wat het is natuurlijk geen onderwerp waar je het graag met anderen over hebt. Een dergelijke kwaal is ontzettend irritant, vooral wanneer je moet plassen of wilt vrijen. Je voelt je niet lekker, en als het niet snel over gaat moet je met dit g\u00eanante probleem ook nog naar de huisarts of de drogist\u2026 Maar hoe loop je het eigenlijk op? En minstens zo belangrijk: hoe kom je er vanaf?!<\/p>\n\n\n\n<p class=\"nodesktop\" style=\"font-size:19px\">Wist je dat maar liefst de helft van de vrouwen soms last heeft van een vaginale schimmelinfectie? En dat \u00e9\u00e9n op de drie vrouwen in haar leven ooit last krijgt van Bacteri\u00eble vaginose? Vast niet, wat het is natuurlijk geen onderwerp waar je het graag met anderen over hebt. Een dergelijke kwaal is ontzettend irritant, vooral wanneer je moet plassen of wilt vrijen. Je voelt je niet lekker, en als het niet snel over gaat moet je met dit g\u00eanante probleem ook nog naar de huisarts of de drogist\u2026 Maar hoe loop je het eigenlijk op? En minstens zo belangrijk: hoe kom je er vanaf?!<\/p>\n\n\n\n<h2 class=\"wp-block-heading\">Intieme hygi\u00ebne<\/h2>\n\n\n\n<p>Soms wordt intieme gezondheid aangeduid als intieme hygi\u00ebne. Onterecht. Want een vaginale schimmel of een gist hebben niets te maken met jouw hygi\u00ebne. De infectie kan onder andere het resultaat zijn van een veranderende zuurgraad of een overschot aan bepaalde bacteri\u00ebn in je vagina.&nbsp;Dit heeft niets te maken &#8216;reinheid&#8217;.<\/p>\n\n\n\n<h2 class=\"wp-block-heading\">Candida<\/h2>\n\n\n\n<p>Een vaginale schimmelinfectie, ook wel <a href=\"https:\/\/testalize.me\/be\/intieme-gezondheid\/candida\/\" data-type=\"page\" data-id=\"147302\">Candida<\/a> genoemd, is een infectie die wordt veroorzaakt door bepaalde schimmelsoorten of gisten. Elke vrouw heeft vaginale bacteri\u00ebn en schimmels die voor een gezonde vagina zorgen. Die horen daar dus te zitten. Er is niets vreemds of vies aan. Maar als de hoeveelheid bacteri\u00ebn of schimmels verandert, krijgen sommige schimmels de kans te veel te groeien. En dan krijg je dus een schimmelinfectie. Klachten die kunnen wijzen op Candida zijn brokkelig wit vocht dat uit de vagina loopt, jeuk, een gezwollen vagina die rood is aan de binnenkant en een branderig gevoel of pijn bij het plassen of seks. <\/p>\n\n\n\n<h2 class=\"wp-block-heading\">Bacteri\u00eble vaginose<\/h2>\n\n\n\n<p>Wanneer de natuurlijke balans van de bacteri\u00ebn in de vagina is verstoort spreken we van <a href=\"https:\/\/testalize.me\/be\/intieme-gezondheid\/bacteriele-vaginose\/\">Bacteri\u00eble vaginose<\/a>. Bacteri\u00ebn die normaal gesproken in kleine aantallen voorkomen zijn sterk vermeerderd. Bijvoorbeeld de bacterie Gardnerella vaginalis. Andere bacteri\u00ebn, zoals de melkzuurbacteri\u00ebn, zijn juist verminderd. Er kan dan een onaangename geur of afwijkende afscheiding ontstaan.<\/p>\n\n\n\n<div class=\"wp-block-columns alert-box has-border-color is-layout-flex wp-container-core-columns-is-layout-f93fcc32 wp-block-columns-is-layout-flex\" style=\"border-color:#ffd54f;border-style:solid;border-width:10px;padding-top:20px;padding-right:20px;padding-bottom:20px;padding-left:20px\">\n<div class=\"wp-block-column is-layout-flow wp-block-column-is-layout-flow\">\n<p><strong>Wist je dat?<\/strong> Een vaginale schimmelinfectie en Bacteri\u00eble vaginose geen <a href=\"https:\/\/testalize.me\/be\/soa\/\">Soa\u2019s<\/a> zijn?<\/p>\n<\/div>\n<\/div>\n\n\n\n<h2 class=\"wp-block-heading\">Wat zijn oorzaken?<\/h2>\n\n\n\n<p>Een vaginale schimmelinfectie is dus het gevolg van overmatige groei van schimmels\/gist in de vagina, terwijl Bacteri\u00eble vaginose ontstaat als gevolg van een overmatige groei van slechte bacteri\u00ebn in de vagina. De klachten die je krijgt bij deze infecties lijken erg op elkaar. <\/p>\n\n\n\n<p>De verstoring van de natuurlijke balans van schimmels of bacteri\u00ebn kan verschillende oorzaken hebben. Denk bijvoorbeeld aan veranderingen in je hormoonbalans door bijvoorbeeld menstruatie of zwangerschap. Ook als je last hebt van psychische klachten zoals stress kunnen je hormonen flink in de war raken. Daarnaast zijn ook verminderde weerstand, (te grondig) wassen met zeep, diabetes, en gebruik van antibiotica oorzaken van vaginale infecties.<\/p>\n\n\n\n<h2 class=\"wp-block-heading\">Testen<\/h2>\n\n\n\n<p>Via testalize.me test kun je je eenvoudig laten <a href=\"https:\/\/testalize.me\/be\/tests\/intieme-gezondheid-test\/\">testen op Candida, Bacteri\u00eble vaginose \u00e9n Trichomonas<\/a>. Je neemt hiervoor eenvoudig zelf een uitstrijkje af met behulp van het bijgeleverde wattenstaafje. Dit wattenstaafje stuur je vervolgens met de retourbox naar ons lab, waar je sample wordt onderzocht. Binnen 48 uur na ontvangst vraag je zelf, met behulp van de unieke code op jouw codekaart, de uitslag op. <\/p>\n\n\n\n<div class=\"wp-block-media-text alignwide is-stacked-on-mobile textmedia has-background\" style=\"background-color:#f1f1f1\"><figure class=\"wp-block-media-text__media\"><a href=\"https:\/\/testalize.me\/be\/product\/intieme-gezondheid-test\/\"><img loading=\"lazy\" decoding=\"async\" width=\"1024\" height=\"1024\" src=\"https:\/\/testalize.me\/be\/wp-content\/uploads\/sites\/3\/2023\/05\/intieme-gezondheid-test-be-1024x1024.jpg\" alt=\"Intieme Gezondheid\" class=\"wp-image-158237 size-full\" srcset=\"https:\/\/testalize.me\/be\/wp-content\/uploads\/sites\/3\/2023\/05\/intieme-gezondheid-test-be-1024x1024.jpg 1024w, https:\/\/testalize.me\/be\/wp-content\/uploads\/sites\/3\/2023\/05\/intieme-gezondheid-test-be-300x300.jpg 300w, https:\/\/testalize.me\/be\/wp-content\/uploads\/sites\/3\/2023\/05\/intieme-gezondheid-test-be-150x150.jpg 150w, https:\/\/testalize.me\/be\/wp-content\/uploads\/sites\/3\/2023\/05\/intieme-gezondheid-test-be-768x768.jpg 768w, https:\/\/testalize.me\/be\/wp-content\/uploads\/sites\/3\/2023\/05\/intieme-gezondheid-test-be-1536x1536.jpg 1536w, https:\/\/testalize.me\/be\/wp-content\/uploads\/sites\/3\/2023\/05\/intieme-gezondheid-test-be-600x600.jpg 600w, https:\/\/testalize.me\/be\/wp-content\/uploads\/sites\/3\/2023\/05\/intieme-gezondheid-test-be-100x100.jpg 100w, https:\/\/testalize.me\/be\/wp-content\/uploads\/sites\/3\/2023\/05\/intieme-gezondheid-test-be.jpg 2000w\" sizes=\"auto, (max-width: 1024px) 100vw, 1024px\" \/><\/a><\/figure><div class=\"wp-block-media-text__content\">\n<div style=\"height:50px\" aria-hidden=\"true\" class=\"wp-block-spacer nodesktop\"><\/div>\n\n\n\n<h2 class=\"wp-block-heading\">Intieme Gezondheid<\/h2>\n\n\n\n<ul class=\"fa-ul\">\n    <li><span class=\"fa-li\"><i class=\"fas fa-solid fa-check\"><\/i><\/span>Anoniem thuis testen<\/li>\n    <li><span class=\"fa-li\"><i class=\"fas fa-solid fa-check\"><\/i><\/span>Analyse in ISO geaccrediteerd labo<\/li>\n    <li><span class=\"fa-li\"><i class=\"fas fa-solid fa-check\"><\/i><\/span>Uitslag binnen 48 uur op te vragen<\/li>\n  <\/ul>\n\n\n\n<div style=\"height:10px\" aria-hidden=\"true\" class=\"wp-block-spacer\"><\/div>\n\n\n\n<div class=\"wp-block-buttons is-layout-flex wp-block-buttons-is-layout-flex\">\n<div class=\"wp-block-button has-custom-width wp-block-button__width-100\"><a class=\"wp-block-button__link wp-element-button\" href=\"https:\/\/testalize.me\/be\/product\/intieme-gezondheid-test\/\">Bekijk test<\/a><\/div>\n<\/div>\n\n\n\n<div style=\"height:30px\" aria-hidden=\"true\" class=\"wp-block-spacer\"><\/div>\n\n\n\n<h3 class=\"wp-block-heading has-text-align-center\"><mark style=\"background-color:rgba(0, 0, 0, 0);color:#8d8d8e\" class=\"has-inline-color\"><s>\u20ac89,95<\/s><\/mark><mark style=\"background-color:rgba(0, 0, 0, 0)\" class=\"has-inline-color has-ast-global-color-6-color\"> <\/mark>\u20ac79,95<\/h3>\n<\/div><\/div>\n\n\n\n<div style=\"height:30px\" aria-hidden=\"true\" class=\"wp-block-spacer\"><\/div>\n\n\n\n<h2 class=\"wp-block-heading\">Behandeling<\/h2>\n\n\n\n<p>Zowel een vaginale schimmelinfectie als Bacteri\u00eble vaginose gaat meestal na een paar weken vanzelf over. Het is dan wel van belang het natuurlijk evenwicht van de vagina te herstellen. Stop dus met het gebruik van vaginale spoelingen en zeep om je vagina te \u201creinigen\u201d en spoel alleen de buitenkant van je vagina met warm water. Extra vaak wassen is niet nodig. Als je seks hebt, zorg er dan voor dat je vochtig bent of gebruik een glijmiddel. Wanneer Candida niet vanzelf geneest, dan kan de arts vaginale of orale medicatie voorschrijven die schimmels doden. Bacteri\u00eble vaginose wordt behandeld met tabletten, zetpillen voor de vagina, of een cr\u00e8me waarmee de bacteri\u00ebn worden gedood.<\/p>\n\n\n\n<div style=\"height:100px\" aria-hidden=\"true\" class=\"wp-block-spacer\"><\/div>\n\n\n\n<p>Deze tekst is goedgekeurd door:<\/p>\n\n\n\n<h2 class=\"wp-block-heading\">E.Y.J. van den Brand<\/h2>\n\n\n\n<p>Stafarts bij <a rel=\"noreferrer noopener\" href=\"https:\/\/diagnostiekvooru.nl\/\" target=\"_blank\">Diagnostiek voor U<\/a> en heeft een eigen <a rel=\"noreferrer noopener\" href=\"https:\/\/brand-lamsweerde.huisartsenpraktijkdenboschoost.nl\/\" target=\"_blank\">huisartsenpraktijk<\/a> in \u2019s-Hertogenbosch. Daarnaast is ze sinds 2019 werkzaam als huisarts bij Medicinfo. Studeerde geneeskunde in Maastricht en is in 1994 afgestudeerd als huisarts in Nijmegen.<\/p>\n","protected":false},"excerpt":{"rendered":"<p>Intieme gezondheid Wist je dat maar liefst de helft van de vrouwen soms last heeft van een vaginale schimmelinfectie? En dat \u00e9\u00e9n op de drie vrouwen in haar leven ooit [&hellip;]<\/p>\n","protected":false},"author":13,"featured_media":0,"parent":0,"menu_order":0,"comment_status":"closed","ping_status":"closed","template":"","meta":{"site-sidebar-layout":"default","site-content-layout":"","ast-site-content-layout":"default","site-content-style":"default","site-sidebar-style":"default","ast-global-header-display":"","ast-banner-title-visibility":"","ast-main-header-display":"","ast-hfb-above-header-display":"","ast-hfb-below-header-display":"","ast-hfb-mobile-header-display":"","site-post-title":"disabled","ast-breadcrumbs-content":"","ast-featured-img":"","footer-sml-layout":"","ast-disable-related-posts":"","theme-transparent-header-meta":"","adv-header-id-meta":"","stick-header-meta":"","header-above-stick-meta":"","header-main-stick-meta":"","header-below-stick-meta":"","astra-migrate-meta-layouts":"default","ast-page-background-enabled":"default","ast-page-background-meta":{"desktop":{"background-color":"","background-image":"","background-repeat":"repeat","background-position":"center center","background-size":"auto","background-attachment":"scroll","background-type":"","background-media":"","overlay-type":"","overlay-color":"","overlay-opacity":"","overlay-gradient":""},"tablet":{"background-color":"","background-image":"","background-repeat":"repeat","background-position":"center center","background-size":"auto","background-attachment":"scroll","background-type":"","background-media":"","overlay-type":"","overlay-color":"","overlay-opacity":"","overlay-gradient":""},"mobile":{"background-color":"","background-image":"","background-repeat":"repeat","background-position":"center center","background-size":"auto","background-attachment":"scroll","background-type":"","background-media":"","overlay-type":"","overlay-color":"","overlay-opacity":"","overlay-gradient":""}},"ast-content-background-meta":{"desktop":{"background-color":"var(--ast-global-color-5)","background-image":"","background-repeat":"repeat","background-position":"center center","background-size":"auto","background-attachment":"scroll","background-type":"","background-media":"","overlay-type":"","overlay-color":"","overlay-opacity":"","overlay-gradient":""},"tablet":{"background-color":"var(--ast-global-color-5)","background-image":"","background-repeat":"repeat","background-position":"center center","background-size":"auto","background-attachment":"scroll","background-type":"","background-media":"","overlay-type":"","overlay-color":"","overlay-opacity":"","overlay-gradient":""},"mobile":{"background-color":"var(--ast-global-color-5)","background-image":"","background-repeat":"repeat","background-position":"center center","background-size":"auto","background-attachment":"scroll","background-type":"","background-media":"","overlay-type":"","overlay-color":"","overlay-opacity":"","overlay-gradient":""}},"footnotes":""},"class_list":["post-147356","page","type-page","status-publish","hentry"],"_links":{"self":[{"href":"https:\/\/testalize.me\/be\/wp-json\/wp\/v2\/pages\/147356","targetHints":{"allow":["GET"]}}],"collection":[{"href":"https:\/\/testalize.me\/be\/wp-json\/wp\/v2\/pages"}],"about":[{"href":"https:\/\/testalize.me\/be\/wp-json\/wp\/v2\/types\/page"}],"author":[{"embeddable":true,"href":"https:\/\/testalize.me\/be\/wp-json\/wp\/v2\/users\/13"}],"replies":[{"embeddable":true,"href":"https:\/\/testalize.me\/be\/wp-json\/wp\/v2\/comments?post=147356"}],"version-history":[{"count":3,"href":"https:\/\/testalize.me\/be\/wp-json\/wp\/v2\/pages\/147356\/revisions"}],"predecessor-version":[{"id":158500,"href":"https:\/\/testalize.me\/be\/wp-json\/wp\/v2\/pages\/147356\/revisions\/158500"}],"wp:attachment":[{"href":"https:\/\/testalize.me\/be\/wp-json\/wp\/v2\/media?parent=147356"}],"curies":[{"name":"wp","href":"https:\/\/api.w.org\/{rel}","templated":true}]}}